{"id":262816,"date":"2025-07-11T08:25:43","date_gmt":"2025-07-11T12:25:43","guid":{"rendered":"https:\/\/concours.hamster.ca\/?page_id=262816"},"modified":"2025-07-11T09:05:03","modified_gmt":"2025-07-11T13:05:03","slug":"agga","status":"publish","type":"page","link":"https:\/\/concours.hamster.ca\/fr\/agga\/","title":{"rendered":"AGGA"},"content":{"rendered":"<p>[et_pb_section fb_built=\u00a0\u00bb1&Prime; _builder_version=\u00a0\u00bb4.27.3&Prime; custom_padding=\u00a0\u00bb0px||||false|false\u00a0\u00bb global_colors_info=\u00a0\u00bb{}\u00a0\u00bb][et_pb_row _builder_version=\u00a0\u00bb4.27.3&Prime; _module_preset=\u00a0\u00bbdefault\u00a0\u00bb custom_padding=\u00a0\u00bb0px||||false|false\u00a0\u00bb global_colors_info=\u00a0\u00bb{}\u00a0\u00bb][et_pb_column type=\u00a0\u00bb4_4&Prime; _builder_version=\u00a0\u00bb4.27.3&Prime; _module_preset=\u00a0\u00bbdefault\u00a0\u00bb global_colors_info=\u00a0\u00bb{}\u00a0\u00bb][et_pb_image src=\u00a0\u00bbhttps:\/\/concours.hamster.ca\/wp-content\/uploads\/2025\/07\/Hamster_SiteWeb_Concours-AGGA_1440x550_FR.jpg\u00a0\u00bb alt=\u00a0\u00bbHamster_BTS_2023_Concours-Page_1440x320_en\u00a0\u00bb title_text=\u00a0\u00bbHamster_SiteWeb_Concours-AGGA_1440x550_FR\u00a0\u00bb force_fullwidth=\u00a0\u00bbon\u00a0\u00bb module_class=\u00a0\u00bbcontest\u00a0\u00bb _builder_version=\u00a0\u00bb4.27.3&Prime; _module_preset=\u00a0\u00bbdefault\u00a0\u00bb global_colors_info=\u00a0\u00bb{}\u00a0\u00bb][\/et_pb_image][\/et_pb_column][\/et_pb_row][et_pb_row _builder_version=\u00a0\u00bb4.27.3&Prime; _module_preset=\u00a0\u00bbdefault\u00a0\u00bb global_colors_info=\u00a0\u00bb{}\u00a0\u00bb][et_pb_column type=\u00a0\u00bb4_4&Prime; _builder_version=\u00a0\u00bb4.27.3&Prime; _module_preset=\u00a0\u00bbdefault\u00a0\u00bb global_colors_info=\u00a0\u00bb{}\u00a0\u00bb][et_pb_text _builder_version=\u00a0\u00bb4.27.3&Prime; _module_preset=\u00a0\u00bbdefault\u00a0\u00bb text_font_size=\u00a0\u00bb18px\u00a0\u00bb header_2_font=\u00a0\u00bb|700|||||||\u00a0\u00bb global_colors_info=\u00a0\u00bb{}\u00a0\u00bb]<\/p>\n<h2 style=\"text-align: center;\">Remplissez le formulaire ci-dessous pour participer au concours<\/h2>\n<p style=\"text-align: center;\">* Champs requis<\/p>\n<p>&nbsp;<\/p>\n<p>Gagnez l&rsquo;exp\u00e9rience caf\u00e9 ultime avec AGGA et profitez de la pause caf\u00e9 que vous m\u00e9ritez vraiment !<\/p>\n<p>&nbsp;<\/p>\n<p><span style=\"text-decoration: underline;\"><strong>Grand prix :<\/strong> <\/span>Une (1) machine Nespresso De&rsquo;longhi Lattissima, un (1) ensemble de tasses \u00e0 cappuccino et un ensemble complet de capsules espresso de qualit\u00e9 sup\u00e9rieure AGGA, torr\u00e9fi\u00e9es ici m\u00eame au Qu\u00e9bec. <strong>Valeur totale au d\u00e9tail : 700$.<\/strong><\/p>\n<p><span style=\"font-size: small;\"><\/span><\/p>\n<p><span style=\"font-size: small;\">Les chances de gagner d\u00e9pendent directement du nombre d&rsquo;inscriptions valides au concours. Le concours est ouvert \u00e0 tous les r\u00e9sidents canadiens. Les participants doivent \u00eatre \u00e2g\u00e9s de 18 ans et plus. Aucun achat requis. Une (1) participation par personne. Hamster se r\u00e9serve le droit d&rsquo;annuler une participation s&rsquo;il y a des soup\u00e7ons que l&rsquo;entr\u00e9e est invalide ou va \u00e0 l&rsquo;encontre de nos r\u00e8gles.<\/span><\/p>\n<hr \/>\n<p style=\"text-align: center;\">Obtenez une chance suppl\u00e9mentaire en vous inscrivant \u00e0 nos infolettres.<\/p>\n<p>[\/et_pb_text][\/et_pb_column][\/et_pb_row][et_pb_row _builder_version=\u00a0\u00bb4.27.3&Prime; background_size=\u00a0\u00bbinitial\u00a0\u00bb background_position=\u00a0\u00bbtop_left\u00a0\u00bb background_repeat=\u00a0\u00bbrepeat\u00a0\u00bb custom_padding=\u00a0\u00bb0px||||false|false\u00a0\u00bb global_colors_info=\u00a0\u00bb{}\u00a0\u00bb][et_pb_column type=\u00a0\u00bb4_4&Prime; _builder_version=\u00a0\u00bb4.16&Prime; custom_padding=\u00a0\u00bb|||\u00a0\u00bb global_colors_info=\u00a0\u00bb{}\u00a0\u00bb custom_padding__hover=\u00a0\u00bb|||\u00a0\u00bb][et_pb_text _builder_version=\u00a0\u00bb4.27.3&Prime; background_size=\u00a0\u00bbinitial\u00a0\u00bb background_position=\u00a0\u00bbtop_left\u00a0\u00bb background_repeat=\u00a0\u00bbrepeat\u00a0\u00bb hover_enabled=\u00a0\u00bb0&Prime; global_colors_info=\u00a0\u00bb{}\u00a0\u00bb sticky_enabled=\u00a0\u00bb0&Prime;]<\/p>\n<script>\n                            if (window.qmn_quiz_data === undefined) {\n                                    window.qmn_quiz_data = new Object();\n                            }\n                    <\/script><script>window.qmn_quiz_data[\"15\"] = {\"quiz_id\":\"15\",\"quiz_name\":\"L'exp\\u00e9rience caf\\u00e9 ultime avec AGGA\",\"disable_answer\":0,\"ajax_show_correct\":0,\"progress_bar\":\"0\",\"contact_info_location\":0,\"qpages\":{\"1\":{\"id\":\"1\",\"quizID\":\"14\",\"pagekey\":\"UU103EOQ\",\"hide_prevbtn\":\"0\"}},\"skip_validation_time_expire\":0,\"timer_limit_val\":0,\"disable_scroll_next_previous_click\":0,\"disable_scroll_on_result\":0,\"disable_first_page\":\"1\",\"enable_result_after_timer_end\":0,\"enable_quick_result_mc\":0,\"end_quiz_if_wrong\":0,\"form_disable_autofill\":0,\"disable_mathjax\":0,\"enable_quick_correct_answer_info\":\"0\",\"quick_result_correct_answer_text\":\"C\\u2019est bien \\u00e7a! Vous avez s\\u00e9lectionn\\u00e9 la bonne r\\u00e9ponse.\",\"quick_result_wrong_answer_text\":\"Erreur! Vous avez s\\u00e9lectionn\\u00e9 la mauvaise r\\u00e9ponse.\",\"quiz_processing_message\":\"\",\"quiz_limit_choice\":\"Limit of choice is reached.\",\"not_allow_after_expired_time\":0,\"scheduled_time_end\":false,\"prevent_reload\":0,\"limit_email_based_submission\":0,\"total_user_tries\":0,\"is_logged_in\":false,\"error_messages\":{\"email_error_text\":\"Pas une adresse e-mail valide !\",\"number_error_text\":\"Ce champ doit \\u00eatre un nombre !\",\"incorrect_error_text\":\"Le texte saisi n'est pas correct !\",\"empty_error_text\":\"Veuillez remplir tous les champs obligatoires !\",\"contact_field_required_error_text\":\"Please complete all required fields!\",\"url_error_text\":\"L'URL saisie n'est pas valide !\",\"minlength_error_text\":\"Il faut au moins %minlength% caract\\u00e8res.\",\"maxlength_error_text\":\"Caract\\u00e8res %maxlength% minimum autoris\\u00e9s.\",\"recaptcha_error_text\":\"ReCaptcha is missing\",\"phone_error_text\":\"Phone number is invalid\",\"empty_grid_radio_checkbox_text\":\"Please complete all  rows required fields!\",\"empty_audio_text\":\"Please upload audio!\"},\"questions_settings\":[]}\n                    <\/script>\t\t<div class='qsm-quiz-container qsm-quiz-container-15 qmn_quiz_container mlw_qmn_quiz  quiz_theme_qsm-theme-sapience  '>\n\t\t\t\t\t<form name=\"quizForm15\" id=\"quizForm15\" action=\"\/fr\/wp-json\/wp\/v2\/pages\/262816\" method=\"POST\" class=\"qsm-quiz-form qmn_quiz_form mlw_quiz_form\" novalidate enctype=\"multipart\/form-data\">\n\t\t\t\t<input type=\"hidden\" name=\"qsm_hidden_questions\" id=\"qsm_hidden_questions\" value=\"\">\n\t\t\t\t<input type=\"hidden\" name=\"qsm_nonce\" id=\"qsm_nonce_15\" value=\"2b7bc8ce2a\">\n\t\t\t\t<input type=\"hidden\" name=\"qsm_unique_key\" id=\"qsm_unique_key_15\" value=\"69f4640ab076e\">\n\t\t\t\t<div id=\"mlw_error_message\" class=\"qsm-error-message qmn_error_message_section\"><\/div>\n\t\t\t\t<span id=\"mlw_top_of_quiz\"><\/span>\n\t\t\t\t\t\t\t<section class=\"qsm-page \">\n\t\t\t\t\t\t\t\t<div class=\"quiz_section qsm-question-wrapper question-type-3 question-section-id-93 \" data-qid=\"93\">\n\t\t\t\t\t\t<div class='mlw_qmn_new_question'><label class=\"qsm-question-title-label\" for=\"question93\">Pr\u00e9nom <\/label><\/div>\n\t\t\t<div class='mlw_qmn_question  qsm_remove_bold' >\n\t\t<p><\/p>\n\t<\/div>\n\t\t<input  type=\"text\" class=\"mlw_answer_open_text mlwRequiredText\" id=\"question93\" name=\"question93\"   Placeholder=\"\" \/>\n\t\t\t\t\t\t<\/div>\n\t\t\t\t\t\t\t\t\t<div class=\"quiz_section qsm-question-wrapper question-type-3 question-section-id-94 \" data-qid=\"94\">\n\t\t\t\t\t\t<div class='mlw_qmn_new_question'><label class=\"qsm-question-title-label\" for=\"question94\">Nom de famille <\/label><\/div>\n\t\t\t<div class='mlw_qmn_question  qsm_remove_bold' >\n\t\t<p><\/p>\n\t<\/div>\n\t\t<input  type=\"text\" class=\"mlw_answer_open_text mlwRequiredText\" id=\"question94\" name=\"question94\"   Placeholder=\"\" \/>\n\t\t\t\t\t\t<\/div>\n\t\t\t\t\t\t\t\t\t<div class=\"quiz_section qsm-question-wrapper question-type-3 question-section-id-95 \" data-qid=\"95\">\n\t\t\t\t\t\t<div class='mlw_qmn_new_question'><label class=\"qsm-question-title-label\" for=\"question95\">Courriel <\/label><\/div>\n\t\t\t<div class='mlw_qmn_question  qsm_remove_bold' >\n\t\t<p><\/p>\n\t<\/div>\n\t\t<input  type=\"text\" class=\"mlw_answer_open_text mlwRequiredText\" id=\"question95\" name=\"question95\"   Placeholder=\"\" \/>\n\t\t\t\t\t\t<\/div>\n\t\t\t\t\t\t\t\t\t<div class=\"quiz_section qsm-question-wrapper question-type-3 question-section-id-96 \" data-qid=\"96\">\n\t\t\t\t\t\t<div class='mlw_qmn_new_question'><label class=\"qsm-question-title-label\" for=\"question96\">Code postal <\/label><\/div>\n\t\t\t<div class='mlw_qmn_question  qsm_remove_bold' >\n\t\t<p><\/p>\n\t<\/div>\n\t\t<input  type=\"text\" class=\"mlw_answer_open_text mlwRequiredText\" id=\"question96\" name=\"question96\"   Placeholder=\"\" \/>\n\t\t\t\t\t\t<\/div>\n\t\t\t\t\t\t\t\t\t<div class=\"quiz_section qsm-question-wrapper question-type-7 question-section-id-97 \" data-qid=\"97\">\n\t\t\t\t\t\t<div class='mlw_qmn_new_question'><label class=\"qsm-question-title-label\" for=\"question97\">Num\u00e9ro de t\u00e9l\u00e9phone <\/label><\/div>\n\t\t\t<div class='mlw_qmn_question  qsm_remove_bold' >\n\t\t<p><\/p>\n\t<\/div>\n\t\t<input type=\"number\" class=\"mlw_answer_number mlwRequiredNumber\" id=\"question97\" name=\"question97\"   placeholder=\"\" \/>\n\t\t\t\t\t\t<\/div>\n\t\t\t\t\t\t\t\t\t<div class=\"quiz_section qsm-question-wrapper question-type-7 question-section-id-98 \" data-qid=\"98\">\n\t\t\t\t\t\t<div class='mlw_qmn_new_question'><label class=\"qsm-question-title-label\" for=\"question98\">Ann\u00e9e de naissance <\/label><\/div>\n\t\t\t<div class='mlw_qmn_question  qsm_remove_bold' >\n\t\t<p><\/p>\n\t<\/div>\n\t\t<input type=\"number\" class=\"mlw_answer_number \" id=\"question98\" name=\"question98\"   placeholder=\"\" \/>\n\t\t\t\t\t\t<\/div>\n\t\t\t\t\t\t\t\t\t<div class=\"quiz_section qsm-question-wrapper question-type-2 question-section-id-99 \" data-qid=\"99\">\n\t\t\t\t\t\t<div class='mlw_qmn_new_question'>Comment avez-vous entendu parler de ce concours ? <\/div>\n\t\t\t<div class='mlw_qmn_question  qsm_remove_bold' >\n\t\t<p><\/p>\n\t<\/div>\n\t\t\t<select class=\"qsm_select qsm_dropdown qsmRequiredSelect\" name=\"question99\">\n\t\t<option disabled selected value>Veuillez s\u00e9lectionner votre r\u00e9ponse<\/option>\n\t\t\t\t\t\t\t\t\t<option value=\"0\">Sur les r\u00e9seaux sociaux<\/option>\n\t\t\t\t\t\t\t\t\t\t\t\t<option value=\"1\">Dans une circulaire<\/option>\n\t\t\t\t\t\t\t\t\t\t\t\t<option value=\"2\">Sur le site Web de Hamster<\/option>\n\t\t\t\t\t\t\t\t\t\t\t\t<option value=\"3\">Par un ami<\/option>\n\t\t\t\t\t\t\t\t\t\t\t\t<option value=\"4\">Dans un magasin Hamster<\/option>\n\t\t\t\t\t\t\t\t\t\t\t\t<option value=\"5\">Dans une infolettre<\/option>\n\t\t\t\t\t\t\t\t<\/select>\n\t\t<input type=\"hidden\" name=\"answer_limit_keys_99\" value=\"\" \/>\n\t\t\t\t\t\t<\/div>\n\t\t\t\t\t\t\t\t\t<div class=\"quiz_section qsm-question-wrapper question-type-0 question-section-id-100 \" data-qid=\"100\">\n\t\t\t\t\t\t<div class='mlw_qmn_new_question'>J&#039;ai lu les r\u00e8gles et j&#039;accepte toutes les conditions. <\/div>\n\t\t\t<div class='mlw_qmn_question  qsm_remove_bold' >\n\t\t<p><\/p>\n\t<\/div>\n\t\t<fieldset>\n\t\t<legend><\/legend>\n\t<div class='qmn_radio_answers mlwRequiredRadio'>\n\t\t\t\t\t\t\t\t<div class=\"qmn_mc_answer_wrap  mrq_checkbox_class\" id=\"question100-1 \">\n\t\t\t\t\t\t\t\t\t\t\t<input type='radio' class='qmn_quiz_radio qmn-multiple-choice-input ' name=\"question100\" id=\"question100_1\" value=\"0\" \/>\n\t\t\t\t\t<label class=\"qsm-input-label\" for=\"question100_1\">\n\t\t\t\t\tOui\t\t\t\t\t<\/label>\n\t\t\t\t\t \t\t\t\t<\/div>\n\t\t\t\t\t \t\t\t<label style=\"display: none !important;\" for=\"question100_none\">Aucun<\/label>\n\t\t\t<input type=\"radio\" style=\"display: none;\" name=\"question100\" id=\"question100_none\" checked=\"checked\" value=\"\" \/>\n\t\t\t\t<\/div>\n\t<\/fieldset>\n\t<input type=\"hidden\" name=\"answer_limit_keys_100\" value=\"\" \/>\n\t\t\t\t\t\t<\/div>\n\t\t\t\t\t\t\t\t\t<div class=\"quiz_section qsm-question-wrapper question-type-0 question-section-id-101 \" data-qid=\"101\">\n\t\t\t\t\t\t<div class='mlw_qmn_new_question'>*J&#039;accepte de recevoir des infolettres et des offres promotionnelles de Hamster et des partenaires du concours actuel. Je peux me d\u00e9sinscrire \u00e0 tout moment. (1 chance suppl\u00e9mentaire de gagner) <\/div>\n\t\t\t<div class='mlw_qmn_question  qsm_remove_bold' >\n\t\t<p><\/p>\n\t<\/div>\n\t\t<fieldset>\n\t\t<legend><\/legend>\n\t<div class='qmn_radio_answers mlwRequiredRadio'>\n\t\t\t\t\t\t\t\t<div class=\"qmn_mc_answer_wrap  mrq_checkbox_class\" id=\"question101-1 \">\n\t\t\t\t\t\t\t\t\t\t\t<input type='radio' class='qmn_quiz_radio qmn-multiple-choice-input ' name=\"question101\" id=\"question101_1\" value=\"0\" \/>\n\t\t\t\t\t<label class=\"qsm-input-label\" for=\"question101_1\">\n\t\t\t\t\tOui\t\t\t\t\t<\/label>\n\t\t\t\t\t \t\t\t\t<\/div>\n\t\t\t\t\t\t\t\t\t\t\t<div class=\"qmn_mc_answer_wrap  mrq_checkbox_class\" id=\"question101-2 \">\n\t\t\t\t\t\t\t\t\t\t\t<input type='radio' class='qmn_quiz_radio qmn-multiple-choice-input ' name=\"question101\" id=\"question101_2\" value=\"1\" \/>\n\t\t\t\t\t<label class=\"qsm-input-label\" for=\"question101_2\">\n\t\t\t\t\tNon\t\t\t\t\t<\/label>\n\t\t\t\t\t \t\t\t\t<\/div>\n\t\t\t\t\t \t\t\t<label style=\"display: none !important;\" for=\"question101_none\">Aucun<\/label>\n\t\t\t<input type=\"radio\" style=\"display: none;\" name=\"question101\" id=\"question101_none\" checked=\"checked\" value=\"\" \/>\n\t\t\t\t<\/div>\n\t<\/fieldset>\n\t<input type=\"hidden\" name=\"answer_limit_keys_101\" value=\"\" \/>\n\t\t\t\t\t\t<\/div>\n\t\t\t\t\t\t\t<\/section>\n\t\t\t\t\t<input type=\"hidden\" name=\"qmn_question_list\" value=\"93Q94Q95Q96Q97Q98Q99Q100Q101Q\" \/>\n\t\t<script src=\"https:\/\/www.google.com\/recaptcha\/api.js\" async defer><\/script><div class=\"g-recaptcha\" data-sitekey=\"6LflDXMrAAAAAD0W75JfsNCUT-GoXOOB0_kgxcPv\"><\/div>\t\t\t\t\t<div id=\"mlw_error_message_bottom\" class=\"qsm-error-message qmn_error_message_section\"><\/div>\n\t\t\t\t\t<input type=\"hidden\" name=\"qmn_all_questions_count\" id=\"qmn_all_questions_count\" value=\"9\" \/>\n\t\t\t\t\t<input type=\"hidden\" name=\"total_questions\" id=\"total_questions\" value=\"9\" \/>\n\t\t\t\t\t<input type=\"hidden\" name=\"timer\" id=\"timer\" value=\"0\" \/>\n\t\t\t\t\t<input type=\"hidden\" name=\"timer_ms\" id=\"timer_ms\" value=\"0\"\/>\n\t\t\t\t\t<input type=\"hidden\" class=\"qmn_quiz_id\" name=\"qmn_quiz_id\" id=\"qmn_quiz_id\" value=\"15\" \/>\n\t\t\t\t\t<input type='hidden' name='complete_quiz' value='confirmation' \/>\n\t\t\t\t\t\t\t\t\t<\/form>\n\t\t\t\t\t\t<\/div>\n\t\t<div style=\"display: none;\" class=\"qsm-popup qsm-popup-slide\" id=\"modal-4\" aria-hidden=\"false\"><div class=\"qsm-popup__overlay\" tabindex=\"-1\" data-micromodal-close=\"\"><div class=\"qsm-popup__container qmn_quiz_container\" role=\"dialog\" aria-modal=\"true\"><div class=\"qsm-popup__content\"><img decoding=\"async\" src=\"https:\/\/concours.hamster.ca\/wp-content\/plugins\/quiz-master-next\/assets\/clock.png\" alt=\"clock.png\"\/><p class=\"qsm-time-up-text\"> Time's up<\/p><\/div><footer class=\"qsm-popup__footer\"><button class=\"qsm-popup-secondary-button qmn_btn\" data-micromodal-close=\"\" aria-label=\"Close this dialog window\" onclick=\"location.reload();\">Annuler<\/button><\/footer><\/div><\/div><\/div>\n<p>[\/et_pb_text][et_pb_text disabled_on=\u00a0\u00bbon|on|on\u00a0\u00bb _builder_version=\u00a0\u00bb4.27.3&Prime; _module_preset=\u00a0\u00bbdefault\u00a0\u00bb text_font_size=\u00a0\u00bb18px\u00a0\u00bb header_2_font=\u00a0\u00bb|700|||||||\u00a0\u00bb disabled=\u00a0\u00bbon\u00a0\u00bb global_colors_info=\u00a0\u00bb{}\u00a0\u00bb]<\/p>\n<hr>\n<p>[\/et_pb_text][et_pb_button button_url=\u00a0\u00bbhttps:\/\/concours.hamster.ca\/rules\/\u00a0\u00bb button_text=\u00a0\u00bbR\u00e8gles\u00a0\u00bb disabled_on=\u00a0\u00bbon|on|on\u00a0\u00bb module_class=\u00a0\u00bbpa-blurb-button\u00a0\u00bb _builder_version=\u00a0\u00bb4.27.3&Prime; _module_preset=\u00a0\u00bbdefault\u00a0\u00bb custom_css_free_form=\u00a0\u00bba.pa-blurb-button {||\tcolor: #ffffff;||\tbackground: #623393;||\tborder: 2px solid #623393;||\tpadding: .7em 1.3em;||\tmargin-top: 20px;||\tborder-radius: 2px;||\ttext-transform: capitalize;||  font-weight: bold;||\tdisplay: inline-block;||\ttransition: all 0.3s ease-in-out;||}||||||a.pa-blurb-button:hover {||\tbackground: #8850c2;||\tcolor: #ffffff;||\tborder: 2px solid #8850c2;||\tcursor: pointer;||\ttransition: all 0.3s ease-in-out;||}\u00a0\u00bb disabled=\u00a0\u00bbon\u00a0\u00bb global_colors_info=\u00a0\u00bb{}\u00a0\u00bb][\/et_pb_button][\/et_pb_column][\/et_pb_row][\/et_pb_section]<\/p>\n","protected":false},"excerpt":{"rendered":"<p>Remplissez le formulaire ci-dessous pour participer au concours * Champs requis &nbsp; Gagnez l&rsquo;exp\u00e9rience caf\u00e9 ultime avec AGGA et profitez de la pause caf\u00e9 que vous m\u00e9ritez vraiment ! &nbsp; Grand prix : Une (1) machine Nespresso De&rsquo;longhi Lattissima, un (1) ensemble de tasses \u00e0 cappuccino et un ensemble complet de capsules espresso de qualit\u00e9 [&hellip;]<\/p>\n","protected":false},"author":4,"featured_media":0,"parent":0,"menu_order":0,"comment_status":"closed","ping_status":"closed","template":"","meta":{"_et_pb_use_builder":"on","_et_pb_old_content":"","_et_gb_content_width":"","footnotes":""},"class_list":["post-262816","page","type-page","status-publish","hentry"],"_links":{"self":[{"href":"https:\/\/concours.hamster.ca\/fr\/wp-json\/wp\/v2\/pages\/262816","targetHints":{"allow":["GET"]}}],"collection":[{"href":"https:\/\/concours.hamster.ca\/fr\/wp-json\/wp\/v2\/pages"}],"about":[{"href":"https:\/\/concours.hamster.ca\/fr\/wp-json\/wp\/v2\/types\/page"}],"author":[{"embeddable":true,"href":"https:\/\/concours.hamster.ca\/fr\/wp-json\/wp\/v2\/users\/4"}],"replies":[{"embeddable":true,"href":"https:\/\/concours.hamster.ca\/fr\/wp-json\/wp\/v2\/comments?post=262816"}],"version-history":[{"count":12,"href":"https:\/\/concours.hamster.ca\/fr\/wp-json\/wp\/v2\/pages\/262816\/revisions"}],"predecessor-version":[{"id":262852,"href":"https:\/\/concours.hamster.ca\/fr\/wp-json\/wp\/v2\/pages\/262816\/revisions\/262852"}],"wp:attachment":[{"href":"https:\/\/concours.hamster.ca\/fr\/wp-json\/wp\/v2\/media?parent=262816"}],"curies":[{"name":"wp","href":"https:\/\/api.w.org\/{rel}","templated":true}]}}